{"id":932,"date":"2022-10-11T11:57:56","date_gmt":"2022-10-11T15:57:00","guid":{"rendered":"https:\/\/fournier.worryfreeweb.ca\/eric-fournier-properties\/"},"modified":"2024-09-25T12:50:13","modified_gmt":"2024-09-25T16:50:13","slug":"inscription-de-lequipe","status":"publish","type":"page","link":"https:\/\/ericfournierteam.ca\/fr\/inscription-de-lequipe\/","title":{"rendered":"Inscription de l\u2019\u00e9quipe"},"content":{"rendered":"<div id=\"cs-content\" class=\"cs-content\"><div class=\"x-section e932-e1 mpw-0\"><div class=\"x-row x-container max width e932-e2 mpw-1 mpw-2\"><div class=\"x-row-inner\"><div class=\"x-col e932-e3 mpw-3\"><div class=\"x-text x-content e932-e4 mpw-4\"><div data-rv-widget=\"FLSJE0D5-DLIRJXNW\"><\/div><script src=\"https:\/\/cdn.realtyvis.com\/js\/embed.js\"><\/script>\n<\/div><\/div><\/div><\/div><\/div><\/div>\n","protected":false},"excerpt":{"rendered":"","protected":false},"author":2,"featured_media":0,"parent":0,"menu_order":1,"comment_status":"closed","ping_status":"closed","template":"template-blank-4.php","meta":{"_seopress_robots_primary_cat":"","_seopress_titles_title":"Inscription de l&#039;\u00e9quipe | Courtier immobilier Re\/Max | \u00c9quipe Eric Fournier  ","_seopress_titles_desc":"Notre \u00e9quipe passionn\u00e9e travaille \u00e0 fournir les plus belles maisons pour tous les go\u00fbts et tous les styles. Consultez les annonces de maisons disponibles !","_seopress_robots_index":"","footnotes":""},"class_list":["post-932","page","type-page","status-publish","hentry","no-post-thumbnail"],"_links":{"self":[{"href":"https:\/\/ericfournierteam.ca\/fr\/wp-json\/wp\/v2\/pages\/932","targetHints":{"allow":["GET"]}}],"collection":[{"href":"https:\/\/ericfournierteam.ca\/fr\/wp-json\/wp\/v2\/pages"}],"about":[{"href":"https:\/\/ericfournierteam.ca\/fr\/wp-json\/wp\/v2\/types\/page"}],"author":[{"embeddable":true,"href":"https:\/\/ericfournierteam.ca\/fr\/wp-json\/wp\/v2\/users\/2"}],"replies":[{"embeddable":true,"href":"https:\/\/ericfournierteam.ca\/fr\/wp-json\/wp\/v2\/comments?post=932"}],"version-history":[{"count":7,"href":"https:\/\/ericfournierteam.ca\/fr\/wp-json\/wp\/v2\/pages\/932\/revisions"}],"predecessor-version":[{"id":1639,"href":"https:\/\/ericfournierteam.ca\/fr\/wp-json\/wp\/v2\/pages\/932\/revisions\/1639"}],"wp:attachment":[{"href":"https:\/\/ericfournierteam.ca\/fr\/wp-json\/wp\/v2\/media?parent=932"}],"curies":[{"name":"wp","href":"https:\/\/api.w.org\/{rel}","templated":true}]}}