{"id":869,"date":"2022-09-06T15:21:08","date_gmt":"2022-09-06T19:21:08","guid":{"rendered":"https:\/\/fournier.worryfreeweb.ca\/st-isidore-homes-for-sale\/"},"modified":"2024-09-09T20:53:22","modified_gmt":"2024-09-10T00:53:22","slug":"st-isidore-homes-for-sale","status":"publish","type":"page","link":"https:\/\/ericfournierteam.ca\/fr\/st-isidore-homes-for-sale\/","title":{"rendered":"Maisons \u00e0 vendre \u00e0 Saint-Isidore"},"content":{"rendered":"<div id=\"cs-content\" class=\"cs-content\"><div class=\"x-section e869-e1 mo5-0\"><div class=\"x-row x-container max width e869-e2 mo5-1 mo5-2 mo5-3 mo5-4\"><div class=\"x-row-inner\"><div class=\"x-col e869-e3 mo5-6 mo5-7\"><div class=\"x-text x-content e869-e4 mo5-9\">A quelques minute de l\u2019autoroute 417, Saintt-Isidore est une communaut\u00e9 de 1000\nhabitants. Depuis 2005, se d\u00e9roule le \u2018\u2019Festival du canard et de la plume\u2019\u2019 autour du\nmois de juin chaque ann\u00e9e. Un grand nombre de b\u00e2timents de Saint-Isidore tirent leur\n\n\u00e9nergie d\u2019\u00e9crans solaires. Nous y retrouvons une \u00e9cole primaire francophone. St-\nIsidore a aussi une ar\u00e9na<\/div><\/div><div class=\"x-col e869-e5 mo5-6 mo5-8\"><ul id=\"\" class=\"x-ul-icons\" style=\"\" ><li id=\"\" class=\"x-li-icon\" style=\"\" ><i class=\"x-icon-check\" aria-hidden=\"true\" style=\"color: #DB9B4D;\" data-x-icon-s=\"&#xf00c;\" ><\/i>Clinique m\u00e9dicale<\/li><li id=\"\" class=\"x-li-icon\" style=\"\" ><i class=\"x-icon-check\" aria-hidden=\"true\" style=\"color: #DB9B4D;\" data-x-icon-s=\"&#xf00c;\" ><\/i>Pharmacie<\/li><li id=\"\" class=\"x-li-icon\" style=\"\" ><i class=\"x-icon-check\" aria-hidden=\"true\" style=\"color: #DB9B4D;\" data-x-icon-s=\"&#xf00c;\" ><\/i>Dentiste<\/li><li id=\"\" class=\"x-li-icon\" style=\"\" ><i class=\"x-icon-check\" aria-hidden=\"true\" style=\"color: #DB9B4D;\" data-x-icon-s=\"&#xf00c;\" ><\/i>Garderie<\/li><li id=\"\" class=\"x-li-icon\" style=\"\" ><i class=\"x-icon-check\" aria-hidden=\"true\" style=\"color: #DB9B4D;\" data-x-icon-s=\"&#xf00c;\" ><\/i>\u00c9picerie<\/li><li id=\"\" class=\"x-li-icon\" style=\"\" ><i class=\"x-icon-check\" aria-hidden=\"true\" style=\"color: #DB9B4D;\" data-x-icon-s=\"&#xf00c;\" ><\/i>Sentiers cyclables et p\u00e9destres<\/li><li id=\"\" class=\"x-li-icon\" style=\"\" ><i class=\"x-icon-check\" aria-hidden=\"true\" style=\"color: #DB9B4D;\" data-x-icon-s=\"&#xf00c;\" ><\/i>Parc \u00e0 chien<\/li><li id=\"\" class=\"x-li-icon\" style=\"\" ><i class=\"x-icon-check\" aria-hidden=\"true\" style=\"color: #DB9B4D;\" data-x-icon-s=\"&#xf00c;\" ><\/i>Parc  \/  Jeux pour enfants<\/li><li id=\"\" class=\"x-li-icon\" style=\"\" ><i class=\"x-icon-check\" aria-hidden=\"true\" style=\"color: #DB9B4D;\" data-x-icon-s=\"&#xf00c;\" ><\/i>Quincaillerie<\/li><li id=\"\" class=\"x-li-icon\" style=\"\" ><i class=\"x-icon-check\" aria-hidden=\"true\" style=\"color: #DB9B4D;\" data-x-icon-s=\"&#xf00c;\" ><\/i>\u00c9cole primaire \/ Catholique<\/li><li id=\"\" class=\"x-li-icon\" style=\"\" ><i class=\"x-icon-check\" aria-hidden=\"true\" style=\"color: #DB9B4D;\" data-x-icon-s=\"&#xf00c;\" ><\/i>Ar\u00e9na<\/li><\/ul><\/div><div class=\"x-col e869-e18 mo5-6 mo5-8\"><ul id=\"\" class=\"x-ul-icons\" style=\"\" ><li id=\"\" class=\"x-li-icon\" style=\"\" ><i class=\"x-icon-check\" aria-hidden=\"true\" style=\"color: #DB9B4D;\" data-x-icon-s=\"&#xf00c;\" ><\/i>Court de Tennis<\/li><li id=\"\" class=\"x-li-icon\" style=\"\" ><i class=\"x-icon-check\" aria-hidden=\"true\" style=\"color: #DB9B4D;\" data-x-icon-s=\"&#xf00c;\" ><\/i>Bowling<\/li><li id=\"\" class=\"x-li-icon\" style=\"\" ><i class=\"x-icon-check\" aria-hidden=\"true\" style=\"color: #DB9B4D;\" data-x-icon-s=\"&#xf00c;\" ><\/i>Caserne de pompiers<\/li><\/ul><\/div><\/div><\/div><\/div><div class=\"x-section e869-e23 mo5-0\"><div class=\"x-row x-container max width e869-e24 mo5-1 mo5-3 mo5-5\"><div class=\"x-row-inner\"><div class=\"x-col e869-e25 mo5-6 mo5-7\"><div data-rv-widget=\"FLSJE0D5-BZ792519\"><\/div><script src=\"https:\/\/cdn.realtyvis.com\/js\/embed.js\"><\/script>\n<\/div><\/div><\/div><\/div><\/div>\n","protected":false},"excerpt":{"rendered":"<p>A quelques minute de l\u2019autoroute 417, Saintt-Isidore est une communaut\u00e9 de 1000 habitants. Depuis 2005, se d\u00e9roule le \u2018\u2019Festival du canard et de la plume\u2019\u2019 autour du mois de juin chaque ann\u00e9e. Un grand nombre de b\u00e2timents de Saint-Isidore tirent leur \u00e9nergie d\u2019\u00e9crans solaires. Nous y retrouvons une \u00e9cole primaire francophone. St- Isidore a aussi une ar\u00e9naClinique m\u00e9dicalePharmacieDentisteGarderie\u00c9picerieSentiers cyclables et &#8230; <\/p>\n<div><a href=\"https:\/\/ericfournierteam.ca\/fr\/st-isidore-homes-for-sale\/\" class=\"more-link\">Read More<\/a><\/div>\n","protected":false},"author":2,"featured_media":0,"parent":0,"menu_order":19,"comment_status":"closed","ping_status":"closed","template":"template-blank-4.php","meta":{"_seopress_robots_primary_cat":"","_seopress_titles_title":"Maisons \u00e0 vendre \u00e0 St-Isidore | Courtier Re\/Maxe | \u00c9quipe Eric Fournier  ","_seopress_titles_desc":"Vous cherchez une maison \u00e0 vendre \u00e0 Saint-Isidore? Communaut\u00e9 d&#039;environ 1000 habitants, c&#039;est l&#039;endroit parfait si vous aimez l&#039;environnement des petites villes!","_seopress_robots_index":"","footnotes":""},"class_list":["post-869","page","type-page","status-publish","hentry","no-post-thumbnail"],"_links":{"self":[{"href":"https:\/\/ericfournierteam.ca\/fr\/wp-json\/wp\/v2\/pages\/869","targetHints":{"allow":["GET"]}}],"collection":[{"href":"https:\/\/ericfournierteam.ca\/fr\/wp-json\/wp\/v2\/pages"}],"about":[{"href":"https:\/\/ericfournierteam.ca\/fr\/wp-json\/wp\/v2\/types\/page"}],"author":[{"embeddable":true,"href":"https:\/\/ericfournierteam.ca\/fr\/wp-json\/wp\/v2\/users\/2"}],"replies":[{"embeddable":true,"href":"https:\/\/ericfournierteam.ca\/fr\/wp-json\/wp\/v2\/comments?post=869"}],"version-history":[{"count":12,"href":"https:\/\/ericfournierteam.ca\/fr\/wp-json\/wp\/v2\/pages\/869\/revisions"}],"predecessor-version":[{"id":1635,"href":"https:\/\/ericfournierteam.ca\/fr\/wp-json\/wp\/v2\/pages\/869\/revisions\/1635"}],"wp:attachment":[{"href":"https:\/\/ericfournierteam.ca\/fr\/wp-json\/wp\/v2\/media?parent=869"}],"curies":[{"name":"wp","href":"https:\/\/api.w.org\/{rel}","templated":true}]}}