{"id":458,"date":"2021-12-28T16:49:04","date_gmt":"2021-12-28T21:49:40","guid":{"rendered":"https:\/\/fournier.worryfreeweb.ca\/orleans\/"},"modified":"2022-05-03T16:26:27","modified_gmt":"2022-05-03T20:26:27","slug":"maison-a-vendre-a-orleans","status":"publish","type":"page","link":"https:\/\/ericfournierteam.ca\/fr\/maison-a-vendre-a-orleans\/","title":{"rendered":"Maison \u00e0 vendre \u00e0 Orleans"},"content":{"rendered":"<div id=\"cs-content\" class=\"cs-content\"><\/div>\n","protected":false},"excerpt":{"rendered":"<p>\u00c0 seulement 15 km du centre-ville d&rsquo;Ottawa se trouve la banlieue d&rsquo;Orl\u00e9ans. Les r\u00e9sidents sont en mesure de profiter d&rsquo;un large \u00e9ventail d&rsquo;activit\u00e9s directement dans leur propre cour arri\u00e8re ! Le Ray Friel R\u00e9cr\u00e9atif Le complexe aide petits et grands \u00e0 rester actifs toute l&rsquo;ann\u00e9e avec plusieurs patinoires, une vague int\u00e9rieure piscine, une salle de sport enti\u00e8rement \u00e9quip\u00e9e et un &#8230; <\/p>\n<div><a href=\"https:\/\/ericfournierteam.ca\/fr\/maison-a-vendre-a-orleans\/\" class=\"more-link\">Read More<\/a><\/div>\n","protected":false},"author":3,"featured_media":0,"parent":0,"menu_order":21,"comment_status":"closed","ping_status":"closed","template":"template-blank-4.php","meta":{"_seopress_robots_primary_cat":"","_seopress_titles_title":"","_seopress_titles_desc":"","_seopress_robots_index":"","footnotes":""},"class_list":["post-458","page","type-page","status-publish","hentry","no-post-thumbnail"],"_links":{"self":[{"href":"https:\/\/ericfournierteam.ca\/fr\/wp-json\/wp\/v2\/pages\/458","targetHints":{"allow":["GET"]}}],"collection":[{"href":"https:\/\/ericfournierteam.ca\/fr\/wp-json\/wp\/v2\/pages"}],"about":[{"href":"https:\/\/ericfournierteam.ca\/fr\/wp-json\/wp\/v2\/types\/page"}],"author":[{"embeddable":true,"href":"https:\/\/ericfournierteam.ca\/fr\/wp-json\/wp\/v2\/users\/3"}],"replies":[{"embeddable":true,"href":"https:\/\/ericfournierteam.ca\/fr\/wp-json\/wp\/v2\/comments?post=458"}],"version-history":[{"count":4,"href":"https:\/\/ericfournierteam.ca\/fr\/wp-json\/wp\/v2\/pages\/458\/revisions"}],"predecessor-version":[{"id":521,"href":"https:\/\/ericfournierteam.ca\/fr\/wp-json\/wp\/v2\/pages\/458\/revisions\/521"}],"wp:attachment":[{"href":"https:\/\/ericfournierteam.ca\/fr\/wp-json\/wp\/v2\/media?parent=458"}],"curies":[{"name":"wp","href":"https:\/\/api.w.org\/{rel}","templated":true}]}}