{"id":456,"date":"2022-01-17T14:41:04","date_gmt":"2022-01-17T19:41:03","guid":{"rendered":"https:\/\/fournier.worryfreeweb.ca\/embrun\/"},"modified":"2024-09-09T20:10:24","modified_gmt":"2024-09-10T00:10:24","slug":"maison-a-vendre-a-embrun","status":"publish","type":"page","link":"https:\/\/ericfournierteam.ca\/fr\/maison-a-vendre-a-embrun\/","title":{"rendered":"Maison \u00e0 vendre \u00e0 Embrun"},"content":{"rendered":"<div id=\"cs-content\" class=\"cs-content\"><div class=\"x-section e456-e1 mco-0\"><div class=\"x-row x-container max width e456-e2 mco-1 mco-2 mco-3 mco-4\"><div class=\"x-row-inner\"><div class=\"x-col e456-e3 mco-6 mco-7\"><div class=\"x-text x-content e456-e4 mco-9 mco-a\">La ville d'Embrun, en Ontario, est situ\u00e9e \u00e0 seulement 35 minutes du centre-ville d'Ottawa.\nC'est rapidement devenir la maison de ceux qui travaillent en ville mais pr\u00e9f\u00e8rent le\nrythme plus lent de la vie dans les petites villes.\nEntour\u00e9 de fermes et de champs de ma\u00efs, Embrun offre de nombreuses options pour\nfaire du shopping, des restaurants et autres services. Les familles avec de jeunes enfants\nappr\u00e9cieront la biblioth\u00e8que publique, l'ar\u00e9na de hockey et Yahoo Park, un grand espace\nvert au centre-ville avec une aire de jeux et une pataugeoire.\nVous allez adorer vivre \u00e0 Embrun !<\/div><\/div><div class=\"x-col e456-e5 mco-6 mco-8\"><ul id=\"\" class=\"x-ul-icons\" style=\"\" ><li id=\"\" class=\"x-li-icon\" style=\"\" ><i class=\"x-icon-check\" aria-hidden=\"true\" style=\"color: #DB9B4D;\" data-x-icon-s=\"&#xf00c;\" ><\/i>Clinique m\u00e9dicale<\/li><li id=\"\" class=\"x-li-icon\" style=\"\" ><i class=\"x-icon-check\" aria-hidden=\"true\" style=\"color: #DB9B4D;\" data-x-icon-s=\"&#xf00c;\" ><\/i>Pharmacie<\/li><li id=\"\" class=\"x-li-icon\" style=\"\" ><i class=\"x-icon-check\" aria-hidden=\"true\" style=\"color: #DB9B4D;\" data-x-icon-s=\"&#xf00c;\" ><\/i>Dentiste<\/li><li id=\"\" class=\"x-li-icon\" style=\"\" ><i class=\"x-icon-check\" aria-hidden=\"true\" style=\"color: #DB9B4D;\" data-x-icon-s=\"&#xf00c;\" ><\/i>Garderie<\/li><li id=\"\" class=\"x-li-icon\" style=\"\" ><i class=\"x-icon-check\" aria-hidden=\"true\" style=\"color: #DB9B4D;\" data-x-icon-s=\"&#xf00c;\" ><\/i>\u00c9picerie<\/li><li id=\"\" class=\"x-li-icon\" style=\"\" ><i class=\"x-icon-check\" aria-hidden=\"true\" style=\"color: #DB9B4D;\" data-x-icon-s=\"&#xf00c;\" ><\/i>Sentiers cyclables et p\u00e9destres<\/li><li id=\"\" class=\"x-li-icon\" style=\"\" ><i class=\"x-icon-check\" aria-hidden=\"true\" style=\"color: #DB9B4D;\" data-x-icon-s=\"&#xf00c;\" ><\/i>Parc \u00e0 chien<\/li><li id=\"\" class=\"x-li-icon\" style=\"\" ><i class=\"x-icon-check\" aria-hidden=\"true\" style=\"color: #DB9B4D;\" data-x-icon-s=\"&#xf00c;\" ><\/i>Parc  \/  Jeux pour enfants<\/li><li id=\"\" class=\"x-li-icon\" style=\"\" ><i class=\"x-icon-check\" aria-hidden=\"true\" style=\"color: #DB9B4D;\" data-x-icon-s=\"&#xf00c;\" ><\/i>Quincaillerie<\/li><li id=\"\" class=\"x-li-icon\" style=\"\" ><i class=\"x-icon-check\" aria-hidden=\"true\" style=\"color: #DB9B4D;\" data-x-icon-s=\"&#xf00c;\" ><\/i>\u00c9cole primaire \/ Catholique<\/li><li id=\"\" class=\"x-li-icon\" style=\"\" ><i class=\"x-icon-check\" aria-hidden=\"true\" style=\"color: #DB9B4D;\" data-x-icon-s=\"&#xf00c;\" ><\/i>Ar\u00e9na<\/li><li id=\"\" class=\"x-li-icon\" style=\"\" ><i class=\"x-icon-check\" aria-hidden=\"true\" style=\"color: #DB9B4D;\" data-x-icon-s=\"&#xf00c;\" ><\/i>Centre d'emploi<\/li><\/ul><\/div><div class=\"x-col e456-e19 mco-6 mco-8\"><ul id=\"\" class=\"x-ul-icons\" style=\"\" ><li id=\"\" class=\"x-li-icon\" style=\"\" ><i class=\"x-icon-check\" aria-hidden=\"true\" style=\"color: #DB9B4D;\" data-x-icon-s=\"&#xf00c;\" ><\/i>\u00c9cole primaire publique<\/li><li id=\"\" class=\"x-li-icon\" style=\"\" ><i class=\"x-icon-check\" aria-hidden=\"true\" style=\"color: #DB9B4D;\" data-x-icon-s=\"&#xf00c;\" ><\/i>\u00c9cole secondaire<\/li><li id=\"\" class=\"x-li-icon\" style=\"\" ><i class=\"x-icon-check\" aria-hidden=\"true\" style=\"color: #DB9B4D;\" data-x-icon-s=\"&#xf00c;\" ><\/i>D\u00f4me sportifs<\/li><li id=\"\" class=\"x-li-icon\" style=\"\" ><i class=\"x-icon-check\" aria-hidden=\"true\" style=\"color: #DB9B4D;\" data-x-icon-s=\"&#xf00c;\" ><\/i>Transportation publique<\/li><li id=\"\" class=\"x-li-icon\" style=\"\" ><i class=\"x-icon-check\" aria-hidden=\"true\" style=\"color: #DB9B4D;\" data-x-icon-s=\"&#xf00c;\" ><\/i>Club de gym<\/li><li id=\"\" class=\"x-li-icon\" style=\"\" ><i class=\"x-icon-check\" aria-hidden=\"true\" style=\"color: #DB9B4D;\" data-x-icon-s=\"&#xf00c;\" ><\/i>Court de Tennis<\/li><li id=\"\" class=\"x-li-icon\" style=\"\" ><i class=\"x-icon-check\" aria-hidden=\"true\" style=\"color: #DB9B4D;\" data-x-icon-s=\"&#xf00c;\" ><\/i>Bowling<\/li><li id=\"\" class=\"x-li-icon\" style=\"\" ><i class=\"x-icon-check\" aria-hidden=\"true\" style=\"color: #DB9B4D;\" data-x-icon-s=\"&#xf00c;\" ><\/i>Station OPP<\/li><li id=\"\" class=\"x-li-icon\" style=\"\" ><i class=\"x-icon-check\" aria-hidden=\"true\" style=\"color: #DB9B4D;\" data-x-icon-s=\"&#xf00c;\" ><\/i>Caserne de pompiers<\/li><li id=\"\" class=\"x-li-icon\" style=\"\" ><i class=\"x-icon-check\" aria-hidden=\"true\" style=\"color: #DB9B4D;\" data-x-icon-s=\"&#xf00c;\" ><\/i> Biblioth\u00e8que publique<\/li><li id=\"\" class=\"x-li-icon\" style=\"\" ><i class=\"x-icon-check\" aria-hidden=\"true\" style=\"color: #DB9B4D;\" data-x-icon-s=\"&#xf00c;\" ><\/i>Lancement de bateau\/quai<\/li><li id=\"\" class=\"x-li-icon\" style=\"\" ><i class=\"x-icon-check\" aria-hidden=\"true\" style=\"color: #DB9B4D;\" data-x-icon-s=\"&#xf00c;\" ><\/i>V\u00e9t\u00e9rinaire<\/li><\/ul><\/div><\/div><\/div><\/div><div class=\"x-section e456-e33 mco-0\"><div class=\"x-row x-container max width e456-e34 mco-1 mco-3 mco-5\"><div class=\"x-row-inner\"><div class=\"x-col e456-e35 mco-6 mco-7\"><div class=\"x-text x-content e456-e36 mco-9 mco-b\"><div data-rv-widget=\"FLSJE0D5-PDJ5I0G4\"><\/div><script src=\"https:\/\/cdn.realtyvis.com\/js\/embed.js\"><\/script><\/div><\/div><\/div><\/div><\/div><\/div>\n","protected":false},"excerpt":{"rendered":"<p>La ville d&rsquo;Embrun, en Ontario, est situ\u00e9e \u00e0 seulement 35 minutes du centre-ville d&rsquo;Ottawa. C&rsquo;est rapidement devenir la maison de ceux qui travaillent en ville mais pr\u00e9f\u00e8rent le rythme plus lent de la vie dans les petites villes. Entour\u00e9 de fermes et de champs de ma\u00efs, Embrun offre de nombreuses options pour faire du shopping, des restaurants et autres services. &#8230; <\/p>\n<div><a href=\"https:\/\/ericfournierteam.ca\/fr\/maison-a-vendre-a-embrun\/\" class=\"more-link\">Read More<\/a><\/div>\n","protected":false},"author":2,"featured_media":0,"parent":0,"menu_order":20,"comment_status":"closed","ping_status":"closed","template":"template-blank-4.php","meta":{"_seopress_robots_primary_cat":"","_seopress_titles_title":"Maisons \u00e0 vendre \u00e0 Embrun | Courtier Re\/Max | \u00c9quipe Eric Fournier  ","_seopress_titles_desc":"Vous cherchez une maison \u00e0 vendre \u00e0 Embrun? Le village est \u00e0 35 minutes du centre-ville d&#039;Ottawa - un endroit id\u00e9al pour faciliter vos d\u00e9placements quotidiens. ","_seopress_robots_index":"","footnotes":""},"class_list":["post-456","page","type-page","status-publish","hentry","no-post-thumbnail"],"_links":{"self":[{"href":"https:\/\/ericfournierteam.ca\/fr\/wp-json\/wp\/v2\/pages\/456","targetHints":{"allow":["GET"]}}],"collection":[{"href":"https:\/\/ericfournierteam.ca\/fr\/wp-json\/wp\/v2\/pages"}],"about":[{"href":"https:\/\/ericfournierteam.ca\/fr\/wp-json\/wp\/v2\/types\/page"}],"author":[{"embeddable":true,"href":"https:\/\/ericfournierteam.ca\/fr\/wp-json\/wp\/v2\/users\/2"}],"replies":[{"embeddable":true,"href":"https:\/\/ericfournierteam.ca\/fr\/wp-json\/wp\/v2\/comments?post=456"}],"version-history":[{"count":14,"href":"https:\/\/ericfournierteam.ca\/fr\/wp-json\/wp\/v2\/pages\/456\/revisions"}],"predecessor-version":[{"id":1615,"href":"https:\/\/ericfournierteam.ca\/fr\/wp-json\/wp\/v2\/pages\/456\/revisions\/1615"}],"wp:attachment":[{"href":"https:\/\/ericfournierteam.ca\/fr\/wp-json\/wp\/v2\/media?parent=456"}],"curies":[{"name":"wp","href":"https:\/\/api.w.org\/{rel}","templated":true}]}}