{"id":454,"date":"2022-01-17T14:41:04","date_gmt":"2022-01-17T19:41:42","guid":{"rendered":"https:\/\/fournier.worryfreeweb.ca\/russell\/"},"modified":"2024-09-09T20:29:51","modified_gmt":"2024-09-10T00:29:51","slug":"maison-a-vendre-a-russell","status":"publish","type":"page","link":"https:\/\/ericfournierteam.ca\/fr\/maison-a-vendre-a-russell\/","title":{"rendered":"Maison \u00e0 vendre \u00e0 Russell"},"content":{"rendered":"<div id=\"cs-content\" class=\"cs-content\"><div class=\"x-section e454-e1 mcm-0\"><div class=\"x-row x-container max width e454-e2 mcm-1 mcm-2 mcm-3 mcm-4\"><div class=\"x-row-inner\"><div class=\"x-col e454-e3 mcm-6 mcm-7\"><div class=\"x-text x-content e454-e4 mcm-9\">Russell, en Ontario, est une communaut\u00e9 de 3 500 habitants situ\u00e9e \u00e0 40 km au sud-est\nd'Ottawa. Maison pour trois \u00e9coles \u00e9l\u00e9mentaires et deux \u00e9coles secondaires, Russell\noffre \u00e9galement une biblioth\u00e8que publique, une piscine publique ext\u00e9rieure, et divers\npetits commerces et services. Les r\u00e9sidents de tous \u00e2ges sont ici profitant du nouveau\nSports Dome. L'installation de 60 000 pieds carr\u00e9s est ouverte toute l'ann\u00e9e pour de\nnombreuses activit\u00e9s int\u00e9rieures telles que le soccer, le football, la marche, le jogging et\nle tennis. La rivi\u00e8re Castor traverse directement le village, et est bord\u00e9 par le W.E. Zone\nde conservation de Burton qui offre 3 km de sentiers nature et p\u00eache en bord de mer.\nRussell est un excellent choix pour les familles actives !<\/div><\/div><div class=\"x-col e454-e5 mcm-6 mcm-8\"><ul id=\"\" class=\"x-ul-icons\" style=\"\" ><li id=\"\" class=\"x-li-icon\" style=\"\" ><i class=\"x-icon-check\" aria-hidden=\"true\" style=\"color: #DB9B4D;\" data-x-icon-s=\"&#xf00c;\" ><\/i>Clinique m\u00e9dicale<\/li><li id=\"\" class=\"x-li-icon\" style=\"\" ><i class=\"x-icon-check\" aria-hidden=\"true\" style=\"color: #DB9B4D;\" data-x-icon-s=\"&#xf00c;\" ><\/i>Pharmacie<\/li><li id=\"\" class=\"x-li-icon\" style=\"\" ><i class=\"x-icon-check\" aria-hidden=\"true\" style=\"color: #DB9B4D;\" data-x-icon-s=\"&#xf00c;\" ><\/i>Dentiste<\/li><li id=\"\" class=\"x-li-icon\" style=\"\" ><i class=\"x-icon-check\" aria-hidden=\"true\" style=\"color: #DB9B4D;\" data-x-icon-s=\"&#xf00c;\" ><\/i>Garderie<\/li><li id=\"\" class=\"x-li-icon\" style=\"\" ><i class=\"x-icon-check\" aria-hidden=\"true\" style=\"color: #DB9B4D;\" data-x-icon-s=\"&#xf00c;\" ><\/i>\u00c9picerie<\/li><li id=\"\" class=\"x-li-icon\" style=\"\" ><i class=\"x-icon-check\" aria-hidden=\"true\" style=\"color: #DB9B4D;\" data-x-icon-s=\"&#xf00c;\" ><\/i>Sentiers cyclables et p\u00e9destres<\/li><li id=\"\" class=\"x-li-icon\" style=\"\" ><i class=\"x-icon-check\" aria-hidden=\"true\" style=\"color: #DB9B4D;\" data-x-icon-s=\"&#xf00c;\" ><\/i>Parc \u00e0 chien<\/li><li id=\"\" class=\"x-li-icon\" style=\"\" ><i class=\"x-icon-check\" aria-hidden=\"true\" style=\"color: #DB9B4D;\" data-x-icon-s=\"&#xf00c;\" ><\/i>Parc  \/  Jeux pour enfants<\/li><li id=\"\" class=\"x-li-icon\" style=\"\" ><i class=\"x-icon-check\" aria-hidden=\"true\" style=\"color: #DB9B4D;\" data-x-icon-s=\"&#xf00c;\" ><\/i>Quincaillerie<\/li><li id=\"\" class=\"x-li-icon\" style=\"\" ><i class=\"x-icon-check\" aria-hidden=\"true\" style=\"color: #DB9B4D;\" data-x-icon-s=\"&#xf00c;\" ><\/i>\u00c9cole primaire \/ Catholique<\/li><li id=\"\" class=\"x-li-icon\" style=\"\" ><i class=\"x-icon-check\" aria-hidden=\"true\" style=\"color: #DB9B4D;\" data-x-icon-s=\"&#xf00c;\" ><\/i>Ar\u00e9na<\/li><\/ul><\/div><div class=\"x-col e454-e18 mcm-6 mcm-8\"><ul id=\"\" class=\"x-ul-icons\" style=\"\" ><li id=\"\" class=\"x-li-icon\" style=\"\" ><i class=\"x-icon-check\" aria-hidden=\"true\" style=\"color: #DB9B4D;\" data-x-icon-s=\"&#xf00c;\" ><\/i>\u00c9cole primaire publique<\/li><li id=\"\" class=\"x-li-icon\" style=\"\" ><i class=\"x-icon-check\" aria-hidden=\"true\" style=\"color: #DB9B4D;\" data-x-icon-s=\"&#xf00c;\" ><\/i>Transportation publique<\/li><li id=\"\" class=\"x-li-icon\" style=\"\" ><i class=\"x-icon-check\" aria-hidden=\"true\" style=\"color: #DB9B4D;\" data-x-icon-s=\"&#xf00c;\" ><\/i>Club de gym<\/li><li id=\"\" class=\"x-li-icon\" style=\"\" ><i class=\"x-icon-check\" aria-hidden=\"true\" style=\"color: #DB9B4D;\" data-x-icon-s=\"&#xf00c;\" ><\/i>Court de Tennis<\/li><li id=\"\" class=\"x-li-icon\" style=\"\" ><i class=\"x-icon-check\" aria-hidden=\"true\" style=\"color: #DB9B4D;\" data-x-icon-s=\"&#xf00c;\" ><\/i>Caserne de pompiers<\/li><li id=\"\" class=\"x-li-icon\" style=\"\" ><i class=\"x-icon-check\" aria-hidden=\"true\" style=\"color: #DB9B4D;\" data-x-icon-s=\"&#xf00c;\" ><\/i>Biblioth\u00e8que publique<\/li><li id=\"\" class=\"x-li-icon\" style=\"\" ><i class=\"x-icon-check\" aria-hidden=\"true\" style=\"color: #DB9B4D;\" data-x-icon-s=\"&#xf00c;\" ><\/i>Lancement de bateau\/quai<\/li><li id=\"\" class=\"x-li-icon\" style=\"\" ><i class=\"x-icon-check\" aria-hidden=\"true\" style=\"color: #DB9B4D;\" data-x-icon-s=\"&#xf00c;\" ><\/i>\u00c9cole secondaire<\/li><li id=\"\" class=\"x-li-icon\" style=\"\" ><i class=\"x-icon-check\" aria-hidden=\"true\" style=\"color: #DB9B4D;\" data-x-icon-s=\"&#xf00c;\" ><\/i>D\u00f4me sportifs<\/li><li id=\"\" class=\"x-li-icon\" style=\"\" ><i class=\"x-icon-check\" aria-hidden=\"true\" style=\"color: #DB9B4D;\" data-x-icon-s=\"&#xf00c;\" ><\/i>Club de Curling<\/li><\/ul><\/div><\/div><\/div><\/div><div class=\"x-section e454-e30 mcm-0\"><div class=\"x-row x-container max width e454-e31 mcm-1 mcm-3 mcm-5\"><div class=\"x-row-inner\"><div class=\"x-col e454-e32 mcm-6 mcm-7\"><div data-rv-widget=\"FLSJE0D5-AUGVT7I9\"><\/div><script src=\"https:\/\/cdn.realtyvis.com\/js\/embed.js\"><\/script><\/div><\/div><\/div><\/div><\/div>\n","protected":false},"excerpt":{"rendered":"<p>Russell, en Ontario, est une communaut\u00e9 de 3 500 habitants situ\u00e9e \u00e0 40 km au sud-est d&rsquo;Ottawa. Maison pour trois \u00e9coles \u00e9l\u00e9mentaires et deux \u00e9coles secondaires, Russell offre \u00e9galement une biblioth\u00e8que publique, une piscine publique ext\u00e9rieure, et divers petits commerces et services. Les r\u00e9sidents de tous \u00e2ges sont ici profitant du nouveau Sports Dome. L&rsquo;installation de 60 000 pieds carr\u00e9s &#8230; <\/p>\n<div><a href=\"https:\/\/ericfournierteam.ca\/fr\/maison-a-vendre-a-russell\/\" class=\"more-link\">Read More<\/a><\/div>\n","protected":false},"author":2,"featured_media":0,"parent":0,"menu_order":17,"comment_status":"closed","ping_status":"closed","template":"template-blank-4.php","meta":{"_seopress_robots_primary_cat":"","_seopress_titles_title":"Maisons \u00e0 vendre \u00e0 Russell | Courtier Re\/Max | \u00c9quipe Eric Fournier  ","_seopress_titles_desc":"Vous cherchez une maison \u00e0 vendre \u00e0 Russell? Un excellent choix pour les familles actives ! Le nouveau d\u00f4me sport est ouvert pour de nombreuses activit\u00e9s int\u00e9rieures.","_seopress_robots_index":"","footnotes":""},"class_list":["post-454","page","type-page","status-publish","hentry","no-post-thumbnail"],"_links":{"self":[{"href":"https:\/\/ericfournierteam.ca\/fr\/wp-json\/wp\/v2\/pages\/454","targetHints":{"allow":["GET"]}}],"collection":[{"href":"https:\/\/ericfournierteam.ca\/fr\/wp-json\/wp\/v2\/pages"}],"about":[{"href":"https:\/\/ericfournierteam.ca\/fr\/wp-json\/wp\/v2\/types\/page"}],"author":[{"embeddable":true,"href":"https:\/\/ericfournierteam.ca\/fr\/wp-json\/wp\/v2\/users\/2"}],"replies":[{"embeddable":true,"href":"https:\/\/ericfournierteam.ca\/fr\/wp-json\/wp\/v2\/comments?post=454"}],"version-history":[{"count":14,"href":"https:\/\/ericfournierteam.ca\/fr\/wp-json\/wp\/v2\/pages\/454\/revisions"}],"predecessor-version":[{"id":1624,"href":"https:\/\/ericfournierteam.ca\/fr\/wp-json\/wp\/v2\/pages\/454\/revisions\/1624"}],"wp:attachment":[{"href":"https:\/\/ericfournierteam.ca\/fr\/wp-json\/wp\/v2\/media?parent=454"}],"curies":[{"name":"wp","href":"https:\/\/api.w.org\/{rel}","templated":true}]}}