{"id":450,"date":"2022-01-17T14:42:04","date_gmt":"2022-01-17T19:42:48","guid":{"rendered":"https:\/\/fournier.worryfreeweb.ca\/casselman\/"},"modified":"2024-09-09T19:37:19","modified_gmt":"2024-09-09T23:37:19","slug":"maison-a-vendre-a-casselman","status":"publish","type":"page","link":"https:\/\/ericfournierteam.ca\/fr\/maison-a-vendre-a-casselman\/","title":{"rendered":"Maison \u00e0 vendre \u00e0 Casselman"},"content":{"rendered":"<div id=\"cs-content\" class=\"cs-content\"><div class=\"x-section e450-e1 mci-0\"><div class=\"x-row x-container max width e450-e2 mci-1 mci-2 mci-3 mci-4\"><div class=\"x-row-inner\"><div class=\"x-col e450-e3 mci-6 mci-7\"><div class=\"x-text x-content e450-e4 mci-9 mci-a\">La sortie 66 de la route transcanadienne m\u00e8ne directement au village de Casselman, en\nOntario.\nCette communaut\u00e9 majoritairement francophone de 3 600 habitants a une riche histoire\net est bien connue pour son Festival de No\u00ebl annuel de 4 jours, le Casselview Golf and\nCountry Club et les chutes High Aire de conservation, qui offre une aire de pique-nique,\nune rampe de mise \u00e0 l'eau et la p\u00eache sur la rivi\u00e8re South Nation.\nLes r\u00e9sidents ont beaucoup de choix qu'une grande ville offrirait, y compris des\nrestaurants, des \u00e9piceries des magasins, des banques, des \u00e9coles et un grand ar\u00e9na\npour le hockey et le patinage public.\nCasselman est l'endroit id\u00e9al pour se sentir chez soi !<\/div><\/div><div class=\"x-col e450-e5 mci-6 mci-8\"><ul id=\"\" class=\"x-ul-icons\" style=\"\" ><li id=\"\" class=\"x-li-icon\" style=\"\" ><i class=\"x-icon-check\" aria-hidden=\"true\" style=\"color: #DB9B4D;\" data-x-icon-s=\"&#xf00c;\" ><\/i>Clinique m\u00e9dicale<\/li><li id=\"\" class=\"x-li-icon\" style=\"\" ><i class=\"x-icon-check\" aria-hidden=\"true\" style=\"color: #DB9B4D;\" data-x-icon-s=\"&#xf00c;\" ><\/i>Pharmacie<\/li><li id=\"\" class=\"x-li-icon\" style=\"\" ><i class=\"x-icon-check\" aria-hidden=\"true\" style=\"color: #DB9B4D;\" data-x-icon-s=\"&#xf00c;\" ><\/i>Dentiste<\/li><li id=\"\" class=\"x-li-icon\" style=\"\" ><i class=\"x-icon-check\" aria-hidden=\"true\" style=\"color: #DB9B4D;\" data-x-icon-s=\"&#xf00c;\" ><\/i>Garderie<\/li><li id=\"\" class=\"x-li-icon\" style=\"\" ><i class=\"x-icon-check\" aria-hidden=\"true\" style=\"color: #DB9B4D;\" data-x-icon-s=\"&#xf00c;\" ><\/i>\u00c9picerie<\/li><li id=\"\" class=\"x-li-icon\" style=\"\" ><i class=\"x-icon-check\" aria-hidden=\"true\" style=\"color: #DB9B4D;\" data-x-icon-s=\"&#xf00c;\" ><\/i>Sentiers cyclables et p\u00e9destres<\/li><li id=\"\" class=\"x-li-icon\" style=\"\" ><i class=\"x-icon-check\" aria-hidden=\"true\" style=\"color: #DB9B4D;\" data-x-icon-s=\"&#xf00c;\" ><\/i>Parc \u00e0 chien<\/li><li id=\"\" class=\"x-li-icon\" style=\"\" ><i class=\"x-icon-check\" aria-hidden=\"true\" style=\"color: #DB9B4D;\" data-x-icon-s=\"&#xf00c;\" ><\/i>Parc  \/  Jeux pour enfants<\/li><li id=\"\" class=\"x-li-icon\" style=\"\" ><i class=\"x-icon-check\" aria-hidden=\"true\" style=\"color: #DB9B4D;\" data-x-icon-s=\"&#xf00c;\" ><\/i>Quincaillerie<\/li><li id=\"\" class=\"x-li-icon\" style=\"\" ><i class=\"x-icon-check\" aria-hidden=\"true\" style=\"color: #DB9B4D;\" data-x-icon-s=\"&#xf00c;\" ><\/i>\u00c9cole primaire \/ Catholique<\/li><\/ul><\/div><div class=\"x-col e450-e17 mci-6 mci-8\"><ul id=\"\" class=\"x-ul-icons\" style=\"\" ><li id=\"\" class=\"x-li-icon\" style=\"\" ><i class=\"x-icon-check\" aria-hidden=\"true\" style=\"color: #DB9B4D;\" data-x-icon-s=\"&#xf00c;\" ><\/i>\u00c9cole primaire publique<\/li><li id=\"\" class=\"x-li-icon\" style=\"\" ><i class=\"x-icon-check\" aria-hidden=\"true\" style=\"color: #DB9B4D;\" data-x-icon-s=\"&#xf00c;\" ><\/i>Transportation publique<\/li><li id=\"\" class=\"x-li-icon\" style=\"\" ><i class=\"x-icon-check\" aria-hidden=\"true\" style=\"color: #DB9B4D;\" data-x-icon-s=\"&#xf00c;\" ><\/i>Club de gym<\/li><li id=\"\" class=\"x-li-icon\" style=\"\" ><i class=\"x-icon-check\" aria-hidden=\"true\" style=\"color: #DB9B4D;\" data-x-icon-s=\"&#xf00c;\" ><\/i>Court de Tennis<\/li><li id=\"\" class=\"x-li-icon\" style=\"\" ><i class=\"x-icon-check\" aria-hidden=\"true\" style=\"color: #DB9B4D;\" data-x-icon-s=\"&#xf00c;\" ><\/i>Bowling<\/li><li id=\"\" class=\"x-li-icon\" style=\"\" ><i class=\"x-icon-check\" aria-hidden=\"true\" style=\"color: #DB9B4D;\" data-x-icon-s=\"&#xf00c;\" ><\/i>Caserne de pompiers<\/li><li id=\"\" class=\"x-li-icon\" style=\"\" ><i class=\"x-icon-check\" aria-hidden=\"true\" style=\"color: #DB9B4D;\" data-x-icon-s=\"&#xf00c;\" ><\/i>Biblioth\u00e8que publique<\/li><li id=\"\" class=\"x-li-icon\" style=\"\" ><i class=\"x-icon-check\" aria-hidden=\"true\" style=\"color: #DB9B4D;\" data-x-icon-s=\"&#xf00c;\" ><\/i>Lancement de bateau\/quai<\/li><li id=\"\" class=\"x-li-icon\" style=\"\" ><i class=\"x-icon-check\" aria-hidden=\"true\" style=\"color: #DB9B4D;\" data-x-icon-s=\"&#xf00c;\" ><\/i>V\u00e9t\u00e9rinaire<\/li><\/ul><\/div><\/div><\/div><\/div><div class=\"x-section e450-e28 mci-0\"><div class=\"x-row x-container max width e450-e29 mci-1 mci-3 mci-5\"><div class=\"x-row-inner\"><div class=\"x-col e450-e30 mci-6 mci-7\"><div class=\"x-text x-content e450-e31 mci-9 mci-b\"><div data-rv-widget=\"FLSJE0D5-WZACGASU\"><\/div><script src=\"https:\/\/cdn.realtyvis.com\/js\/embed.js\"><\/script><\/div><\/div><\/div><\/div><\/div><\/div>\n","protected":false},"excerpt":{"rendered":"<p>La sortie 66 de la route transcanadienne m\u00e8ne directement au village de Casselman, en Ontario. Cette communaut\u00e9 majoritairement francophone de 3 600 habitants a une riche histoire et est bien connue pour son Festival de No\u00ebl annuel de 4 jours, le Casselview Golf and Country Club et les chutes High Aire de conservation, qui offre une aire de pique-nique, une &#8230; <\/p>\n<div><a href=\"https:\/\/ericfournierteam.ca\/fr\/maison-a-vendre-a-casselman\/\" class=\"more-link\">Read More<\/a><\/div>\n","protected":false},"author":2,"featured_media":0,"parent":0,"menu_order":14,"comment_status":"closed","ping_status":"closed","template":"template-blank-4.php","meta":{"_seopress_robots_primary_cat":"","_seopress_titles_title":"Maisons \u00e0 vendre \u00e0 Casselman | Courtier Re\/Max | \u00c9quipe Eric Fournier  ","_seopress_titles_desc":"Vous cherchez une maison \u00e0 vendre \u00e0 Casselman? C&#039;est l&#039;endroit id\u00e9al pour se sentir chez soi ! Cette communaut\u00e9 francophone \u00e0 plusieurs choix qu&#039;une grande ville offrirait.","_seopress_robots_index":"","footnotes":""},"class_list":["post-450","page","type-page","status-publish","hentry","no-post-thumbnail"],"_links":{"self":[{"href":"https:\/\/ericfournierteam.ca\/fr\/wp-json\/wp\/v2\/pages\/450","targetHints":{"allow":["GET"]}}],"collection":[{"href":"https:\/\/ericfournierteam.ca\/fr\/wp-json\/wp\/v2\/pages"}],"about":[{"href":"https:\/\/ericfournierteam.ca\/fr\/wp-json\/wp\/v2\/types\/page"}],"author":[{"embeddable":true,"href":"https:\/\/ericfournierteam.ca\/fr\/wp-json\/wp\/v2\/users\/2"}],"replies":[{"embeddable":true,"href":"https:\/\/ericfournierteam.ca\/fr\/wp-json\/wp\/v2\/comments?post=450"}],"version-history":[{"count":14,"href":"https:\/\/ericfournierteam.ca\/fr\/wp-json\/wp\/v2\/pages\/450\/revisions"}],"predecessor-version":[{"id":1606,"href":"https:\/\/ericfournierteam.ca\/fr\/wp-json\/wp\/v2\/pages\/450\/revisions\/1606"}],"wp:attachment":[{"href":"https:\/\/ericfournierteam.ca\/fr\/wp-json\/wp\/v2\/media?parent=450"}],"curies":[{"name":"wp","href":"https:\/\/api.w.org\/{rel}","templated":true}]}}