{"id":426,"date":"2021-06-10T19:36:06","date_gmt":"2021-06-10T19:36:06","guid":{"rendered":"https:\/\/fournier.worryfreeweb.ca\/market-stats\/"},"modified":"2022-12-21T12:53:37","modified_gmt":"2022-12-21T17:53:37","slug":"statistiques-du-marche","status":"publish","type":"page","link":"https:\/\/ericfournierteam.ca\/fr\/vente\/statistiques-du-marche\/","title":{"rendered":"Statistiques du march\u00e9"},"content":{"rendered":"<div id=\"cs-content\" class=\"cs-content\"><\/div>\n","protected":false},"excerpt":{"rendered":"","protected":false},"author":2,"featured_media":0,"parent":464,"menu_order":2,"comment_status":"closed","ping_status":"closed","template":"template-blank-4.php","meta":{"_seopress_robots_primary_cat":"","_seopress_titles_title":"Statistiques du march\u00e9 | Courtier immobilier Re\/Max | \u00c9quipe Eric Fournier  ","_seopress_titles_desc":"Nous voulons vous aider \u00e0 obtenir le meilleur prix possible, en travaillant avec une \u00e9quipe qui aime son travail ! Jetez un coup d&#039;\u0153il aux statistiques du march\u00e9. ","_seopress_robots_index":"","footnotes":""},"class_list":["post-426","page","type-page","status-publish","hentry","no-post-thumbnail"],"_links":{"self":[{"href":"https:\/\/ericfournierteam.ca\/fr\/wp-json\/wp\/v2\/pages\/426","targetHints":{"allow":["GET"]}}],"collection":[{"href":"https:\/\/ericfournierteam.ca\/fr\/wp-json\/wp\/v2\/pages"}],"about":[{"href":"https:\/\/ericfournierteam.ca\/fr\/wp-json\/wp\/v2\/types\/page"}],"author":[{"embeddable":true,"href":"https:\/\/ericfournierteam.ca\/fr\/wp-json\/wp\/v2\/users\/2"}],"replies":[{"embeddable":true,"href":"https:\/\/ericfournierteam.ca\/fr\/wp-json\/wp\/v2\/comments?post=426"}],"version-history":[{"count":6,"href":"https:\/\/ericfournierteam.ca\/fr\/wp-json\/wp\/v2\/pages\/426\/revisions"}],"predecessor-version":[{"id":792,"href":"https:\/\/ericfournierteam.ca\/fr\/wp-json\/wp\/v2\/pages\/426\/revisions\/792"}],"up":[{"embeddable":true,"href":"https:\/\/ericfournierteam.ca\/fr\/wp-json\/wp\/v2\/pages\/464"}],"wp:attachment":[{"href":"https:\/\/ericfournierteam.ca\/fr\/wp-json\/wp\/v2\/media?parent=426"}],"curies":[{"name":"wp","href":"https:\/\/api.w.org\/{rel}","templated":true}]}}