{"id":387,"date":"2022-04-20T14:09:19","date_gmt":"2022-04-20T18:09:19","guid":{"rendered":"https:\/\/fournier.worryfreeweb.ca\/?page_id=387"},"modified":"2022-12-21T12:56:40","modified_gmt":"2022-12-21T17:56:40","slug":"notre-promesse","status":"publish","type":"page","link":"https:\/\/ericfournierteam.ca\/fr\/notre-promesse\/","title":{"rendered":"Notre Promesse"},"content":{"rendered":"<div id=\"cs-content\" class=\"cs-content\"><\/div>\n","protected":false},"excerpt":{"rendered":"<p>Vous souhaitez t\u00e9l\u00e9phoner l&rsquo;\u00e9quipe Eric Fournier et , Vendre votre maison maintenantAvoir le meilleur prix possibleFaire de votre maison un investissement solideMettre votre maison devant autant d&rsquo;acheteurs potentiels que possibleTravailler avec une \u00e9quipe qui aime son travailTravailler avec un agent exp\u00e9riment\u00e9 qui conna\u00eet la r\u00e9gion de A \u00e0 Z pour votre achat ou votre venteNous consacrons notre temps et nos &#8230; <\/p>\n<div><a href=\"https:\/\/ericfournierteam.ca\/fr\/notre-promesse\/\" class=\"more-link\">Read More<\/a><\/div>\n","protected":false},"author":2,"featured_media":0,"parent":0,"menu_order":25,"comment_status":"closed","ping_status":"closed","template":"template-blank-4.php","meta":{"_seopress_robots_primary_cat":"","_seopress_titles_title":"Notre promesse | Courtier immobilier Re\/Max | \u00c9quipe Eric Fournier  ","_seopress_titles_desc":"L&#039;\u00e9quipe Eric Fournier fera de votre maison un investissement solide, mettra votre maison en face d&#039;un maximum d&#039;acheteurs potentiels et plus encore. ","_seopress_robots_index":"","footnotes":""},"class_list":["post-387","page","type-page","status-publish","hentry","no-post-thumbnail"],"_links":{"self":[{"href":"https:\/\/ericfournierteam.ca\/fr\/wp-json\/wp\/v2\/pages\/387","targetHints":{"allow":["GET"]}}],"collection":[{"href":"https:\/\/ericfournierteam.ca\/fr\/wp-json\/wp\/v2\/pages"}],"about":[{"href":"https:\/\/ericfournierteam.ca\/fr\/wp-json\/wp\/v2\/types\/page"}],"author":[{"embeddable":true,"href":"https:\/\/ericfournierteam.ca\/fr\/wp-json\/wp\/v2\/users\/2"}],"replies":[{"embeddable":true,"href":"https:\/\/ericfournierteam.ca\/fr\/wp-json\/wp\/v2\/comments?post=387"}],"version-history":[{"count":30,"href":"https:\/\/ericfournierteam.ca\/fr\/wp-json\/wp\/v2\/pages\/387\/revisions"}],"predecessor-version":[{"id":1017,"href":"https:\/\/ericfournierteam.ca\/fr\/wp-json\/wp\/v2\/pages\/387\/revisions\/1017"}],"wp:attachment":[{"href":"https:\/\/ericfournierteam.ca\/fr\/wp-json\/wp\/v2\/media?parent=387"}],"curies":[{"name":"wp","href":"https:\/\/api.w.org\/{rel}","templated":true}]}}